{"id":10180,"date":"2024-01-29T23:19:36","date_gmt":"2024-01-29T23:19:36","guid":{"rendered":"https:\/\/lpfch.org\/?page_id=10180"},"modified":"2024-01-29T23:26:15","modified_gmt":"2024-01-29T23:26:15","slug":"commitment-to-health-equity-for-cyshcn","status":"publish","type":"page","link":"https:\/\/lpfch.org\/es\/program-for-children-and-youth-with-special-health-care-needs\/grants\/commitment-to-health-equity-for-cyshcn\/","title":{"rendered":"Compromiso con la equidad en salud para los ni\u00f1os y j\u00f3venes con necesidades educativas especiales (CYSHCN)"},"content":{"rendered":"","protected":false},"excerpt":{"rendered":"","protected":false},"author":11,"featured_media":0,"parent":220,"menu_order":0,"comment_status":"closed","ping_status":"closed","template":"","meta":{"_acf_changed":false,"_relevanssi_hide_post":"","_relevanssi_hide_content":"","_relevanssi_pin_for_all":"","_relevanssi_pin_keywords":"","_relevanssi_unpin_keywords":"","_relevanssi_related_keywords":"","_relevanssi_related_include_ids":"","_relevanssi_related_exclude_ids":"","_relevanssi_related_no_append":"","_relevanssi_related_not_related":"","_relevanssi_related_posts":"","_relevanssi_noindex_reason":"","footnotes":""},"class_list":["post-10180","page","type-page","status-publish","hentry"],"acf":[],"yoast_head":"<!-- This site is optimized with the Yoast SEO Premium plugin v27.3 (Yoast SEO v27.3) - https:\/\/yoast.com\/product\/yoast-seo-premium-wordpress\/ -->\n<title>Commitment to Health Equity for CYSHCN - Lucile Packard Foundation for Children&#039;s Health<\/title>\n<meta name=\"description\" content=\"The impact of health inequities is multiplied for children and youth with special health care needs (CYSHCN), who have greater requirements for health and social services than other children and often face discrimination.\" \/>\n<meta name=\"robots\" content=\"index, follow, max-snippet:-1, max-image-preview:large, max-video-preview:-1\" \/>\n<link rel=\"canonical\" href=\"https:\/\/lpfch.org\/es\/program-for-children-and-youth-with-special-health-care-needs\/grants\/commitment-to-health-equity-for-cyshcn\/\" \/>\n<meta property=\"og:locale\" content=\"es_ES\" \/>\n<meta property=\"og:type\" content=\"article\" \/>\n<meta property=\"og:title\" content=\"Commitment to Health Equity for CYSHCN\" \/>\n<meta property=\"og:description\" content=\"The impact of health inequities is multiplied for children and youth with special health care needs (CYSHCN), who have greater requirements for health and social services than other children and often face discrimination.\" \/>\n<meta property=\"og:url\" content=\"https:\/\/lpfch.org\/es\/program-for-children-and-youth-with-special-health-care-needs\/grants\/commitment-to-health-equity-for-cyshcn\/\" \/>\n<meta property=\"og:site_name\" content=\"Lucile Packard Foundation for Children&#039;s Health\" \/>\n<meta property=\"article:modified_time\" content=\"2024-01-29T23:26:15+00:00\" \/>\n<meta name=\"twitter:card\" content=\"summary_large_image\" \/>\n<meta name=\"twitter:label1\" content=\"Est. reading time\" \/>\n\t<meta name=\"twitter:data1\" content=\"2 minutes\" \/>\n<script type=\"application\/ld+json\" class=\"yoast-schema-graph\">{\"@context\":\"https:\\\/\\\/schema.org\",\"@graph\":[{\"@type\":\"WebPage\",\"@id\":\"https:\\\/\\\/lpfch.org\\\/ar\\\/program-for-children-and-youth-with-special-health-care-needs\\\/grants\\\/commitment-to-health-equity-for-cyshcn\\\/\",\"url\":\"https:\\\/\\\/lpfch.org\\\/ar\\\/program-for-children-and-youth-with-special-health-care-needs\\\/grants\\\/commitment-to-health-equity-for-cyshcn\\\/\",\"name\":\"Commitment to Health Equity for CYSHCN - Lucile Packard Foundation for Children&#039;s Health\",\"isPartOf\":{\"@id\":\"https:\\\/\\\/lpfch.org\\\/#website\"},\"datePublished\":\"2024-01-29T23:19:36+00:00\",\"dateModified\":\"2024-01-29T23:26:15+00:00\",\"description\":\"The impact of health inequities is multiplied for children and youth with special health care needs (CYSHCN), who have greater requirements for health and social services than other children and often face discrimination.\",\"breadcrumb\":{\"@id\":\"https:\\\/\\\/lpfch.org\\\/ar\\\/program-for-children-and-youth-with-special-health-care-needs\\\/grants\\\/commitment-to-health-equity-for-cyshcn\\\/#breadcrumb\"},\"inLanguage\":\"es-ES\",\"potentialAction\":[{\"@type\":\"ReadAction\",\"target\":[\"https:\\\/\\\/lpfch.org\\\/ar\\\/program-for-children-and-youth-with-special-health-care-needs\\\/grants\\\/commitment-to-health-equity-for-cyshcn\\\/\"]}]},{\"@type\":\"BreadcrumbList\",\"@id\":\"https:\\\/\\\/lpfch.org\\\/ar\\\/program-for-children-and-youth-with-special-health-care-needs\\\/grants\\\/commitment-to-health-equity-for-cyshcn\\\/#breadcrumb\",\"itemListElement\":[{\"@type\":\"ListItem\",\"position\":1,\"name\":\"Home\",\"item\":\"https:\\\/\\\/lpfch.org\\\/zh\\\/\"},{\"@type\":\"ListItem\",\"position\":2,\"name\":\"CYSHCN\",\"item\":\"http:\\\/\\\/lpfch.org\\\/km\\\/program-for-children-and-youth-with-special-health-care-needs\\\/\"},{\"@type\":\"ListItem\",\"position\":3,\"name\":\"Grantmaking\",\"item\":\"http:\\\/\\\/lpfch.org\\\/es\\\/program-for-children-and-youth-with-special-health-care-needs\\\/grants\\\/\"},{\"@type\":\"ListItem\",\"position\":4,\"name\":\"Commitment to Health&hellip;\"}]},{\"@type\":\"WebSite\",\"@id\":\"https:\\\/\\\/lpfch.org\\\/#website\",\"url\":\"https:\\\/\\\/lpfch.org\\\/\",\"name\":\"Lucile Packard Foundation for Children&#039;s Health\",\"description\":\"\",\"potentialAction\":[{\"@type\":\"SearchAction\",\"target\":{\"@type\":\"EntryPoint\",\"urlTemplate\":\"https:\\\/\\\/lpfch.org\\\/?s={search_term_string}\"},\"query-input\":{\"@type\":\"PropertyValueSpecification\",\"valueRequired\":true,\"valueName\":\"search_term_string\"}}],\"inLanguage\":\"es-ES\"}]}<\/script>\n<!-- \/ Yoast SEO Premium plugin. -->","yoast_head_json":{"title":"Compromiso con la equidad en salud para ni\u00f1os y j\u00f3venes con necesidades especiales de atenci\u00f3n m\u00e9dica - Fundaci\u00f3n Lucile Packard para la Salud Infantil","description":"El impacto de las desigualdades en salud se multiplica para los ni\u00f1os y j\u00f3venes con necesidades especiales de atenci\u00f3n m\u00e9dica (CYSHCN, por sus siglas en ingl\u00e9s), quienes tienen mayores necesidades de servicios de salud y sociales que otros ni\u00f1os y a menudo se enfrentan a la discriminaci\u00f3n.","robots":{"index":"index","follow":"follow","max-snippet":"max-snippet:-1","max-image-preview":"max-image-preview:large","max-video-preview":"max-video-preview:-1"},"canonical":"https:\/\/lpfch.org\/es\/program-for-children-and-youth-with-special-health-care-needs\/grants\/commitment-to-health-equity-for-cyshcn\/","og_locale":"es_ES","og_type":"article","og_title":"Commitment to Health Equity for CYSHCN","og_description":"The impact of health inequities is multiplied for children and youth with special health care needs (CYSHCN), who have greater requirements for health and social services than other children and often face discrimination.","og_url":"https:\/\/lpfch.org\/es\/program-for-children-and-youth-with-special-health-care-needs\/grants\/commitment-to-health-equity-for-cyshcn\/","og_site_name":"Lucile Packard Foundation for Children&#039;s Health","article_modified_time":"2024-01-29T23:26:15+00:00","twitter_card":"summary_large_image","twitter_misc":{"Est. reading time":"2 minutes"},"schema":{"@context":"https:\/\/schema.org","@graph":[{"@type":"WebPage","@id":"https:\/\/lpfch.org\/ar\/program-for-children-and-youth-with-special-health-care-needs\/grants\/commitment-to-health-equity-for-cyshcn\/","url":"https:\/\/lpfch.org\/ar\/program-for-children-and-youth-with-special-health-care-needs\/grants\/commitment-to-health-equity-for-cyshcn\/","name":"Compromiso con la equidad en salud para ni\u00f1os y j\u00f3venes con necesidades especiales de atenci\u00f3n m\u00e9dica - Fundaci\u00f3n Lucile Packard para la Salud Infantil","isPartOf":{"@id":"https:\/\/lpfch.org\/#website"},"datePublished":"2024-01-29T23:19:36+00:00","dateModified":"2024-01-29T23:26:15+00:00","description":"El impacto de las desigualdades en salud se multiplica para los ni\u00f1os y j\u00f3venes con necesidades especiales de atenci\u00f3n m\u00e9dica (CYSHCN, por sus siglas en ingl\u00e9s), quienes tienen mayores necesidades de servicios de salud y sociales que otros ni\u00f1os y a menudo se enfrentan a la discriminaci\u00f3n.","breadcrumb":{"@id":"https:\/\/lpfch.org\/ar\/program-for-children-and-youth-with-special-health-care-needs\/grants\/commitment-to-health-equity-for-cyshcn\/#breadcrumb"},"inLanguage":"es-ES","potentialAction":[{"@type":"ReadAction","target":["https:\/\/lpfch.org\/ar\/program-for-children-and-youth-with-special-health-care-needs\/grants\/commitment-to-health-equity-for-cyshcn\/"]}]},{"@type":"BreadcrumbList","@id":"https:\/\/lpfch.org\/ar\/program-for-children-and-youth-with-special-health-care-needs\/grants\/commitment-to-health-equity-for-cyshcn\/#breadcrumb","itemListElement":[{"@type":"ListItem","position":1,"name":"Home","item":"https:\/\/lpfch.org\/zh\/"},{"@type":"ListItem","position":2,"name":"CYSHCN","item":"http:\/\/lpfch.org\/km\/program-for-children-and-youth-with-special-health-care-needs\/"},{"@type":"ListItem","position":3,"name":"Grantmaking","item":"http:\/\/lpfch.org\/es\/program-for-children-and-youth-with-special-health-care-needs\/grants\/"},{"@type":"ListItem","position":4,"name":"Commitment to Health&hellip;"}]},{"@type":"WebSite","@id":"https:\/\/lpfch.org\/#website","url":"https:\/\/lpfch.org\/","name":"Fundaci\u00f3n Lucile Packard para la Salud Infantil","description":"","potentialAction":[{"@type":"SearchAction","target":{"@type":"EntryPoint","urlTemplate":"https:\/\/lpfch.org\/?s={search_term_string}"},"query-input":{"@type":"PropertyValueSpecification","valueRequired":true,"valueName":"search_term_string"}}],"inLanguage":"es-ES"}]}},"_links":{"self":[{"href":"https:\/\/lpfch.org\/es\/wp-json\/wp\/v2\/pages\/10180","targetHints":{"allow":["GET"]}}],"collection":[{"href":"https:\/\/lpfch.org\/es\/wp-json\/wp\/v2\/pages"}],"about":[{"href":"https:\/\/lpfch.org\/es\/wp-json\/wp\/v2\/types\/page"}],"author":[{"embeddable":true,"href":"https:\/\/lpfch.org\/es\/wp-json\/wp\/v2\/users\/11"}],"replies":[{"embeddable":true,"href":"https:\/\/lpfch.org\/es\/wp-json\/wp\/v2\/comments?post=10180"}],"version-history":[{"count":3,"href":"https:\/\/lpfch.org\/es\/wp-json\/wp\/v2\/pages\/10180\/revisions"}],"predecessor-version":[{"id":10194,"href":"https:\/\/lpfch.org\/es\/wp-json\/wp\/v2\/pages\/10180\/revisions\/10194"}],"up":[{"embeddable":true,"href":"https:\/\/lpfch.org\/es\/wp-json\/wp\/v2\/pages\/220"}],"wp:attachment":[{"href":"https:\/\/lpfch.org\/es\/wp-json\/wp\/v2\/media?parent=10180"}],"curies":[{"name":"gracias","href":"https:\/\/api.w.org\/{rel}","templated":true}]}}