{"id":1341,"date":"2024-01-05T20:41:33","date_gmt":"2024-01-05T20:41:33","guid":{"rendered":"https:\/\/lpfch.org\/?page_id=1341"},"modified":"2024-02-23T17:09:39","modified_gmt":"2024-02-23T17:09:39","slug":"for-care-for-cures-for-kids-newsletter","status":"publish","type":"page","link":"https:\/\/lpfch.org\/vi\/for-care-for-cures-for-kids-newsletter\/","title":{"rendered":"B\u1ea3n tin V\u00ec s\u1ef1 ch\u0103m s\u00f3c, v\u00ec ph\u01b0\u01a1ng ph\u00e1p ch\u1eefa tr\u1ecb, v\u00ec tr\u1ebb em"},"content":{"rendered":"","protected":false},"excerpt":{"rendered":"","protected":false},"author":17,"featured_media":0,"parent":0,"menu_order":0,"comment_status":"closed","ping_status":"closed","template":"","meta":{"_acf_changed":false,"_relevanssi_hide_post":"","_relevanssi_hide_content":"","_relevanssi_pin_for_all":"","_relevanssi_pin_keywords":"","_relevanssi_unpin_keywords":"","_relevanssi_related_keywords":"","_relevanssi_related_include_ids":"","_relevanssi_related_exclude_ids":"","_relevanssi_related_no_append":"","_relevanssi_related_not_related":"","_relevanssi_related_posts":"","_relevanssi_noindex_reason":"","footnotes":""},"class_list":["post-1341","page","type-page","status-publish","hentry"],"acf":[],"yoast_head":"<!-- This site is optimized with the Yoast SEO Premium plugin v27.3 (Yoast SEO v27.3) - https:\/\/yoast.com\/product\/yoast-seo-premium-wordpress\/ -->\n<title>For Care, for Cures, for Kids Newsletter - Lucile Packard Foundation for Children&#039;s Health<\/title>\n<meta name=\"robots\" content=\"index, follow, max-snippet:-1, max-image-preview:large, max-video-preview:-1\" \/>\n<link rel=\"canonical\" href=\"https:\/\/lpfch.org\/vi\/for-care-for-cures-for-kids-newsletter\/\" \/>\n<meta property=\"og:locale\" content=\"vi_VN\" \/>\n<meta property=\"og:type\" content=\"article\" \/>\n<meta property=\"og:title\" content=\"For Care, for Cures, for Kids Newsletter\" \/>\n<meta property=\"og:url\" content=\"https:\/\/lpfch.org\/vi\/for-care-for-cures-for-kids-newsletter\/\" \/>\n<meta property=\"og:site_name\" content=\"Lucile Packard Foundation for Children&#039;s Health\" \/>\n<meta property=\"article:modified_time\" content=\"2024-02-23T17:09:39+00:00\" \/>\n<meta name=\"twitter:card\" content=\"summary_large_image\" \/>\n<meta name=\"twitter:label1\" content=\"Est. reading time\" \/>\n\t<meta name=\"twitter:data1\" content=\"1 minute\" \/>\n<script type=\"application\/ld+json\" class=\"yoast-schema-graph\">{\"@context\":\"https:\\\/\\\/schema.org\",\"@graph\":[{\"@type\":\"WebPage\",\"@id\":\"https:\\\/\\\/lpfch.org\\\/ko\\\/for-care-for-cures-for-kids-newsletter\\\/\",\"url\":\"https:\\\/\\\/lpfch.org\\\/ko\\\/for-care-for-cures-for-kids-newsletter\\\/\",\"name\":\"For Care, for Cures, for Kids Newsletter - Lucile Packard Foundation for Children&#039;s Health\",\"isPartOf\":{\"@id\":\"https:\\\/\\\/lpfch.org\\\/#website\"},\"datePublished\":\"2024-01-05T20:41:33+00:00\",\"dateModified\":\"2024-02-23T17:09:39+00:00\",\"breadcrumb\":{\"@id\":\"https:\\\/\\\/lpfch.org\\\/ko\\\/for-care-for-cures-for-kids-newsletter\\\/#breadcrumb\"},\"inLanguage\":\"vi\",\"potentialAction\":[{\"@type\":\"ReadAction\",\"target\":[\"https:\\\/\\\/lpfch.org\\\/ko\\\/for-care-for-cures-for-kids-newsletter\\\/\"]}]},{\"@type\":\"BreadcrumbList\",\"@id\":\"https:\\\/\\\/lpfch.org\\\/ko\\\/for-care-for-cures-for-kids-newsletter\\\/#breadcrumb\",\"itemListElement\":[{\"@type\":\"ListItem\",\"position\":1,\"name\":\"Home\",\"item\":\"https:\\\/\\\/lpfch.org\\\/zh\\\/\"},{\"@type\":\"ListItem\",\"position\":2,\"name\":\"For Care, for Cures, for&hellip;\"}]},{\"@type\":\"WebSite\",\"@id\":\"https:\\\/\\\/lpfch.org\\\/#website\",\"url\":\"https:\\\/\\\/lpfch.org\\\/\",\"name\":\"Lucile Packard Foundation for Children&#039;s Health\",\"description\":\"\",\"potentialAction\":[{\"@type\":\"SearchAction\",\"target\":{\"@type\":\"EntryPoint\",\"urlTemplate\":\"https:\\\/\\\/lpfch.org\\\/?s={search_term_string}\"},\"query-input\":{\"@type\":\"PropertyValueSpecification\",\"valueRequired\":true,\"valueName\":\"search_term_string\"}}],\"inLanguage\":\"vi\"}]}<\/script>\n<!-- \/ Yoast SEO Premium plugin. -->","yoast_head_json":{"title":"B\u1ea3n tin V\u00ec Ch\u0103m s\u00f3c, V\u00ec Ch\u1eefa b\u1ec7nh, V\u00ec Tr\u1ebb em - Qu\u1ef9 Lucile Packard v\u00ec S\u1ee9c kh\u1ecfe Tr\u1ebb em","robots":{"index":"index","follow":"follow","max-snippet":"max-snippet:-1","max-image-preview":"max-image-preview:large","max-video-preview":"max-video-preview:-1"},"canonical":"https:\/\/lpfch.org\/vi\/for-care-for-cures-for-kids-newsletter\/","og_locale":"vi_VN","og_type":"article","og_title":"For Care, for Cures, for Kids Newsletter","og_url":"https:\/\/lpfch.org\/vi\/for-care-for-cures-for-kids-newsletter\/","og_site_name":"Lucile Packard Foundation for Children&#039;s Health","article_modified_time":"2024-02-23T17:09:39+00:00","twitter_card":"summary_large_image","twitter_misc":{"Est. reading time":"1 minute"},"schema":{"@context":"https:\/\/schema.org","@graph":[{"@type":"WebPage","@id":"https:\/\/lpfch.org\/ko\/for-care-for-cures-for-kids-newsletter\/","url":"https:\/\/lpfch.org\/ko\/for-care-for-cures-for-kids-newsletter\/","name":"B\u1ea3n tin V\u00ec Ch\u0103m s\u00f3c, V\u00ec Ch\u1eefa b\u1ec7nh, V\u00ec Tr\u1ebb em - Qu\u1ef9 Lucile Packard v\u00ec S\u1ee9c kh\u1ecfe Tr\u1ebb em","isPartOf":{"@id":"https:\/\/lpfch.org\/#website"},"datePublished":"2024-01-05T20:41:33+00:00","dateModified":"2024-02-23T17:09:39+00:00","breadcrumb":{"@id":"https:\/\/lpfch.org\/ko\/for-care-for-cures-for-kids-newsletter\/#breadcrumb"},"inLanguage":"vi","potentialAction":[{"@type":"ReadAction","target":["https:\/\/lpfch.org\/ko\/for-care-for-cures-for-kids-newsletter\/"]}]},{"@type":"BreadcrumbList","@id":"https:\/\/lpfch.org\/ko\/for-care-for-cures-for-kids-newsletter\/#breadcrumb","itemListElement":[{"@type":"ListItem","position":1,"name":"Home","item":"https:\/\/lpfch.org\/zh\/"},{"@type":"ListItem","position":2,"name":"For Care, for Cures, for&hellip;"}]},{"@type":"WebSite","@id":"https:\/\/lpfch.org\/#website","url":"https:\/\/lpfch.org\/","name":"Qu\u1ef9 Lucile Packard v\u00ec S\u1ee9c kh\u1ecfe Tr\u1ebb em","description":"","potentialAction":[{"@type":"SearchAction","target":{"@type":"EntryPoint","urlTemplate":"https:\/\/lpfch.org\/?s={search_term_string}"},"query-input":{"@type":"PropertyValueSpecification","valueRequired":true,"valueName":"search_term_string"}}],"inLanguage":"vi"}]}},"_links":{"self":[{"href":"https:\/\/lpfch.org\/vi\/wp-json\/wp\/v2\/pages\/1341","targetHints":{"allow":["GET"]}}],"collection":[{"href":"https:\/\/lpfch.org\/vi\/wp-json\/wp\/v2\/pages"}],"about":[{"href":"https:\/\/lpfch.org\/vi\/wp-json\/wp\/v2\/types\/page"}],"author":[{"embeddable":true,"href":"https:\/\/lpfch.org\/vi\/wp-json\/wp\/v2\/users\/17"}],"replies":[{"embeddable":true,"href":"https:\/\/lpfch.org\/vi\/wp-json\/wp\/v2\/comments?post=1341"}],"version-history":[{"count":5,"href":"https:\/\/lpfch.org\/vi\/wp-json\/wp\/v2\/pages\/1341\/revisions"}],"predecessor-version":[{"id":16365,"href":"https:\/\/lpfch.org\/vi\/wp-json\/wp\/v2\/pages\/1341\/revisions\/16365"}],"wp:attachment":[{"href":"https:\/\/lpfch.org\/vi\/wp-json\/wp\/v2\/media?parent=1341"}],"curies":[{"name":"wp","href":"https:\/\/api.w.org\/{rel}","templated":true}]}}