{"id":1343,"date":"2024-01-05T20:41:48","date_gmt":"2024-01-05T20:41:48","guid":{"rendered":"https:\/\/lpfch.org\/?page_id=1343"},"modified":"2024-12-23T17:24:10","modified_gmt":"2024-12-23T17:24:10","slug":"cyshcn-newsletter","status":"publish","type":"page","link":"https:\/\/lpfch.org\/vi\/cyshcn-newsletter\/","title":{"rendered":"B\u1ea3n tin CYSHCN"},"content":{"rendered":"","protected":false},"excerpt":{"rendered":"","protected":false},"author":17,"featured_media":0,"parent":0,"menu_order":0,"comment_status":"closed","ping_status":"closed","template":"","meta":{"_acf_changed":false,"_relevanssi_hide_post":"","_relevanssi_hide_content":"","_relevanssi_pin_for_all":"","_relevanssi_pin_keywords":"","_relevanssi_unpin_keywords":"","_relevanssi_related_keywords":"","_relevanssi_related_include_ids":"","_relevanssi_related_exclude_ids":"","_relevanssi_related_no_append":"","_relevanssi_related_not_related":"","_relevanssi_related_posts":"","_relevanssi_noindex_reason":"","footnotes":""},"class_list":["post-1343","page","type-page","status-publish","hentry"],"acf":[],"yoast_head":"<!-- This site is optimized with the Yoast SEO Premium plugin v27.3 (Yoast SEO v27.3) - https:\/\/yoast.com\/product\/yoast-seo-premium-wordpress\/ -->\n<title>CYSHCN Newsletter - Lucile Packard Foundation for Children&#039;s Health<\/title>\n<meta name=\"description\" content=\"Subscribe to the CYSHCN Newsletter for the latest news, research, resources, events, and more related to systems and policies affecting CYSHCN and their families.\u00a0\" \/>\n<meta name=\"robots\" content=\"index, follow, max-snippet:-1, max-image-preview:large, max-video-preview:-1\" \/>\n<link rel=\"canonical\" href=\"https:\/\/lpfch.org\/vi\/cyshcn-newsletter\/\" \/>\n<meta property=\"og:locale\" content=\"vi_VN\" \/>\n<meta property=\"og:type\" content=\"article\" \/>\n<meta property=\"og:title\" content=\"CYSHCN Newsletter\" \/>\n<meta property=\"og:description\" content=\"Subscribe to the CYSHCN Newsletter for the latest news, research, resources, events, and more related to systems and policies affecting CYSHCN and their families.\u00a0\" \/>\n<meta property=\"og:url\" content=\"https:\/\/lpfch.org\/vi\/cyshcn-newsletter\/\" \/>\n<meta property=\"og:site_name\" content=\"Lucile Packard Foundation for Children&#039;s Health\" \/>\n<meta property=\"article:modified_time\" content=\"2024-12-23T17:24:10+00:00\" \/>\n<meta name=\"twitter:card\" content=\"summary_large_image\" \/>\n<meta name=\"twitter:label1\" content=\"Est. reading time\" \/>\n\t<meta name=\"twitter:data1\" content=\"1 minute\" \/>\n<script type=\"application\/ld+json\" class=\"yoast-schema-graph\">{\"@context\":\"https:\\\/\\\/schema.org\",\"@graph\":[{\"@type\":\"WebPage\",\"@id\":\"https:\\\/\\\/lpfch.org\\\/cyshcn-newsletter\\\/\",\"url\":\"https:\\\/\\\/lpfch.org\\\/cyshcn-newsletter\\\/\",\"name\":\"CYSHCN Newsletter - Lucile Packard Foundation for Children&#039;s Health\",\"isPartOf\":{\"@id\":\"http:\\\/\\\/lpfch.org\\\/hy\\\/#website\"},\"datePublished\":\"2024-01-05T20:41:48+00:00\",\"dateModified\":\"2024-12-23T17:24:10+00:00\",\"description\":\"Subscribe to the CYSHCN Newsletter for the latest news, research, resources, events, and more related to systems and policies affecting CYSHCN and their families.\u00a0\",\"breadcrumb\":{\"@id\":\"https:\\\/\\\/lpfch.org\\\/cyshcn-newsletter\\\/#breadcrumb\"},\"inLanguage\":\"vi\",\"potentialAction\":[{\"@type\":\"ReadAction\",\"target\":[\"https:\\\/\\\/lpfch.org\\\/cyshcn-newsletter\\\/\"]}]},{\"@type\":\"BreadcrumbList\",\"@id\":\"https:\\\/\\\/lpfch.org\\\/cyshcn-newsletter\\\/#breadcrumb\",\"itemListElement\":[{\"@type\":\"ListItem\",\"position\":1,\"name\":\"Home\",\"item\":\"http:\\\/\\\/lpfch.org\\\/hy\\\/\"},{\"@type\":\"ListItem\",\"position\":2,\"name\":\"CYSHCN Newsletter\"}]},{\"@type\":\"WebSite\",\"@id\":\"http:\\\/\\\/lpfch.org\\\/hy\\\/#website\",\"url\":\"http:\\\/\\\/lpfch.org\\\/hy\\\/\",\"name\":\"Lucile Packard Foundation for Children&#039;s Health\",\"description\":\"\",\"potentialAction\":[{\"@type\":\"SearchAction\",\"target\":{\"@type\":\"EntryPoint\",\"urlTemplate\":\"http:\\\/\\\/lpfch.org\\\/hy\\\/?s={search_term_string}\"},\"query-input\":{\"@type\":\"PropertyValueSpecification\",\"valueRequired\":true,\"valueName\":\"search_term_string\"}}],\"inLanguage\":\"vi\"}]}<\/script>\n<!-- \/ Yoast SEO Premium plugin. -->","yoast_head_json":{"title":"B\u1ea3n tin CYSHCN - Qu\u1ef9 Lucile Packard v\u00ec S\u1ee9c kh\u1ecfe Tr\u1ebb em","description":"\u0110\u0103ng k\u00fd B\u1ea3n tin CYSHCN \u0111\u1ec3 bi\u1ebft tin t\u1ee9c, nghi\u00ean c\u1ee9u, t\u00e0i nguy\u00ean, s\u1ef1 ki\u1ec7n m\u1edbi nh\u1ea5t v\u00e0 nhi\u1ec1u th\u00f4ng tin kh\u00e1c li\u00ean quan \u0111\u1ebfn h\u1ec7 th\u1ed1ng v\u00e0 ch\u00ednh s\u00e1ch \u1ea3nh h\u01b0\u1edfng \u0111\u1ebfn CYSHCN v\u00e0 gia \u0111\u00ecnh h\u1ecd.\u00a0","robots":{"index":"index","follow":"follow","max-snippet":"max-snippet:-1","max-image-preview":"max-image-preview:large","max-video-preview":"max-video-preview:-1"},"canonical":"https:\/\/lpfch.org\/vi\/cyshcn-newsletter\/","og_locale":"vi_VN","og_type":"article","og_title":"CYSHCN Newsletter","og_description":"Subscribe to the CYSHCN Newsletter for the latest news, research, resources, events, and more related to systems and policies affecting CYSHCN and their families.\u00a0","og_url":"https:\/\/lpfch.org\/vi\/cyshcn-newsletter\/","og_site_name":"Lucile Packard Foundation for Children&#039;s Health","article_modified_time":"2024-12-23T17:24:10+00:00","twitter_card":"summary_large_image","twitter_misc":{"Est. reading time":"1 minute"},"schema":{"@context":"https:\/\/schema.org","@graph":[{"@type":"WebPage","@id":"https:\/\/lpfch.org\/cyshcn-newsletter\/","url":"https:\/\/lpfch.org\/cyshcn-newsletter\/","name":"B\u1ea3n tin CYSHCN - Qu\u1ef9 Lucile Packard v\u00ec S\u1ee9c kh\u1ecfe Tr\u1ebb em","isPartOf":{"@id":"http:\/\/lpfch.org\/hy\/#website"},"datePublished":"2024-01-05T20:41:48+00:00","dateModified":"2024-12-23T17:24:10+00:00","description":"\u0110\u0103ng k\u00fd B\u1ea3n tin CYSHCN \u0111\u1ec3 bi\u1ebft tin t\u1ee9c, nghi\u00ean c\u1ee9u, t\u00e0i nguy\u00ean, s\u1ef1 ki\u1ec7n m\u1edbi nh\u1ea5t v\u00e0 nhi\u1ec1u th\u00f4ng tin kh\u00e1c li\u00ean quan \u0111\u1ebfn h\u1ec7 th\u1ed1ng v\u00e0 ch\u00ednh s\u00e1ch \u1ea3nh h\u01b0\u1edfng \u0111\u1ebfn CYSHCN v\u00e0 gia \u0111\u00ecnh h\u1ecd.\u00a0","breadcrumb":{"@id":"https:\/\/lpfch.org\/cyshcn-newsletter\/#breadcrumb"},"inLanguage":"vi","potentialAction":[{"@type":"ReadAction","target":["https:\/\/lpfch.org\/cyshcn-newsletter\/"]}]},{"@type":"BreadcrumbList","@id":"https:\/\/lpfch.org\/cyshcn-newsletter\/#breadcrumb","itemListElement":[{"@type":"ListItem","position":1,"name":"Home","item":"http:\/\/lpfch.org\/hy\/"},{"@type":"ListItem","position":2,"name":"CYSHCN Newsletter"}]},{"@type":"WebSite","@id":"http:\/\/lpfch.org\/hy\/#website","url":"http:\/\/lpfch.org\/hy\/","name":"Qu\u1ef9 Lucile Packard v\u00ec S\u1ee9c kh\u1ecfe Tr\u1ebb em","description":"","potentialAction":[{"@type":"SearchAction","target":{"@type":"EntryPoint","urlTemplate":"http:\/\/lpfch.org\/hy\/?s={search_term_string}"},"query-input":{"@type":"PropertyValueSpecification","valueRequired":true,"valueName":"search_term_string"}}],"inLanguage":"vi"}]}},"_links":{"self":[{"href":"https:\/\/lpfch.org\/vi\/wp-json\/wp\/v2\/pages\/1343","targetHints":{"allow":["GET"]}}],"collection":[{"href":"https:\/\/lpfch.org\/vi\/wp-json\/wp\/v2\/pages"}],"about":[{"href":"https:\/\/lpfch.org\/vi\/wp-json\/wp\/v2\/types\/page"}],"author":[{"embeddable":true,"href":"https:\/\/lpfch.org\/vi\/wp-json\/wp\/v2\/users\/17"}],"replies":[{"embeddable":true,"href":"https:\/\/lpfch.org\/vi\/wp-json\/wp\/v2\/comments?post=1343"}],"version-history":[{"count":6,"href":"https:\/\/lpfch.org\/vi\/wp-json\/wp\/v2\/pages\/1343\/revisions"}],"predecessor-version":[{"id":19157,"href":"https:\/\/lpfch.org\/vi\/wp-json\/wp\/v2\/pages\/1343\/revisions\/19157"}],"wp:attachment":[{"href":"https:\/\/lpfch.org\/vi\/wp-json\/wp\/v2\/media?parent=1343"}],"curies":[{"name":"wp","href":"https:\/\/api.w.org\/{rel}","templated":true}]}}