{"id":353,"date":"2023-12-14T19:58:13","date_gmt":"2023-12-14T19:58:13","guid":{"rendered":"https:\/\/lpfch.org\/?page_id=353"},"modified":"2024-12-10T19:06:09","modified_gmt":"2024-12-10T19:06:09","slug":"contact-faq","status":"publish","type":"page","link":"https:\/\/lpfch.org\/vi\/contact-faq\/","title":{"rendered":"Li\u00ean h\u1ec7 v\u00e0 C\u00e2u h\u1ecfi th\u01b0\u1eddng g\u1eb7p"},"content":{"rendered":"","protected":false},"excerpt":{"rendered":"","protected":false},"author":17,"featured_media":0,"parent":0,"menu_order":0,"comment_status":"closed","ping_status":"closed","template":"","meta":{"_acf_changed":false,"_relevanssi_hide_post":"","_relevanssi_hide_content":"","_relevanssi_pin_for_all":"","_relevanssi_pin_keywords":"","_relevanssi_unpin_keywords":"","_relevanssi_related_keywords":"","_relevanssi_related_include_ids":"","_relevanssi_related_exclude_ids":"","_relevanssi_related_no_append":"","_relevanssi_related_not_related":"","_relevanssi_related_posts":"","_relevanssi_noindex_reason":"","footnotes":""},"class_list":["post-353","page","type-page","status-publish","hentry"],"acf":[],"yoast_head":"<!-- This site is optimized with the Yoast SEO Premium plugin v27.3 (Yoast SEO v27.3) - https:\/\/yoast.com\/product\/yoast-seo-premium-wordpress\/ -->\n<title>Contact and FAQ - Lucile Packard Foundation for Children&#039;s Health<\/title>\n<meta name=\"description\" content=\"Contact us at Lucile Packard Foundation for Children&#039;s Health for any inquiries, questions, or support. Our team is ready to assist you with prompt and friendly service.\" \/>\n<meta name=\"robots\" content=\"index, follow, max-snippet:-1, max-image-preview:large, max-video-preview:-1\" \/>\n<link rel=\"canonical\" href=\"http:\/\/lpfch.org\/vi\/contact-faq\/\" \/>\n<meta property=\"og:locale\" content=\"vi_VN\" \/>\n<meta property=\"og:type\" content=\"article\" \/>\n<meta property=\"og:title\" content=\"Contact and FAQ\" \/>\n<meta property=\"og:description\" content=\"Contact us at Lucile Packard Foundation for Children&#039;s Health for any inquiries, questions, or support. Our team is ready to assist you with prompt and friendly service.\" \/>\n<meta property=\"og:url\" content=\"http:\/\/lpfch.org\/vi\/contact-faq\/\" \/>\n<meta property=\"og:site_name\" content=\"Lucile Packard Foundation for Children&#039;s Health\" \/>\n<meta property=\"article:modified_time\" content=\"2024-12-10T19:06:09+00:00\" \/>\n<meta name=\"twitter:card\" content=\"summary_large_image\" \/>\n<meta name=\"twitter:label1\" content=\"Est. reading time\" \/>\n\t<meta name=\"twitter:data1\" content=\"11 minutes\" \/>\n<script type=\"application\/ld+json\" class=\"yoast-schema-graph\">{\"@context\":\"https:\\\/\\\/schema.org\",\"@graph\":[{\"@type\":\"WebPage\",\"@id\":\"http:\\\/\\\/lpfch.org\\\/contact-faq\\\/\",\"url\":\"http:\\\/\\\/lpfch.org\\\/contact-faq\\\/\",\"name\":\"Contact and FAQ - Lucile Packard Foundation for Children&#039;s Health\",\"isPartOf\":{\"@id\":\"https:\\\/\\\/lpfch.org\\\/km\\\/#website\"},\"datePublished\":\"2023-12-14T19:58:13+00:00\",\"dateModified\":\"2024-12-10T19:06:09+00:00\",\"description\":\"Contact us at Lucile Packard Foundation for Children's Health for any inquiries, questions, or support. Our team is ready to assist you with prompt and friendly service.\",\"breadcrumb\":{\"@id\":\"http:\\\/\\\/lpfch.org\\\/contact-faq\\\/#breadcrumb\"},\"inLanguage\":\"vi\",\"potentialAction\":[{\"@type\":\"ReadAction\",\"target\":[\"http:\\\/\\\/lpfch.org\\\/contact-faq\\\/\"]}]},{\"@type\":\"BreadcrumbList\",\"@id\":\"http:\\\/\\\/lpfch.org\\\/contact-faq\\\/#breadcrumb\",\"itemListElement\":[{\"@type\":\"ListItem\",\"position\":1,\"name\":\"Home\",\"item\":\"https:\\\/\\\/lpfch.org\\\/hy\\\/\"},{\"@type\":\"ListItem\",\"position\":2,\"name\":\"Contact and FAQ\"}]},{\"@type\":\"WebSite\",\"@id\":\"https:\\\/\\\/lpfch.org\\\/km\\\/#website\",\"url\":\"https:\\\/\\\/lpfch.org\\\/km\\\/\",\"name\":\"Lucile Packard Foundation for Children&#039;s Health\",\"description\":\"\",\"potentialAction\":[{\"@type\":\"SearchAction\",\"target\":{\"@type\":\"EntryPoint\",\"urlTemplate\":\"https:\\\/\\\/lpfch.org\\\/km\\\/?s={search_term_string}\"},\"query-input\":{\"@type\":\"PropertyValueSpecification\",\"valueRequired\":true,\"valueName\":\"search_term_string\"}}],\"inLanguage\":\"vi\"}]}<\/script>\n<!-- \/ Yoast SEO Premium plugin. -->","yoast_head_json":{"title":"Li\u00ean h\u1ec7 v\u00e0 C\u00e2u h\u1ecfi th\u01b0\u1eddng g\u1eb7p - Qu\u1ef9 Lucile Packard v\u00ec S\u1ee9c kh\u1ecfe Tr\u1ebb em","description":"H\u00e3y li\u00ean h\u1ec7 v\u1edbi ch\u00fang t\u00f4i t\u1ea1i Qu\u1ef9 Lucile Packard v\u00ec S\u1ee9c kh\u1ecfe Tr\u1ebb em n\u1ebfu b\u1ea1n c\u00f3 b\u1ea5t k\u1ef3 th\u1eafc m\u1eafc, c\u00e2u h\u1ecfi ho\u1eb7c c\u1ea7n h\u1ed7 tr\u1ee3. \u0110\u1ed9i ng\u0169 c\u1ee7a ch\u00fang t\u00f4i lu\u00f4n s\u1eb5n s\u00e0ng h\u1ed7 tr\u1ee3 b\u1ea1n v\u1edbi d\u1ecbch v\u1ee5 nhanh ch\u00f3ng v\u00e0 th\u00e2n thi\u1ec7n.","robots":{"index":"index","follow":"follow","max-snippet":"max-snippet:-1","max-image-preview":"max-image-preview:large","max-video-preview":"max-video-preview:-1"},"canonical":"http:\/\/lpfch.org\/vi\/contact-faq\/","og_locale":"vi_VN","og_type":"article","og_title":"Contact and FAQ","og_description":"Contact us at Lucile Packard Foundation for Children's Health for any inquiries, questions, or support. Our team is ready to assist you with prompt and friendly service.","og_url":"http:\/\/lpfch.org\/vi\/contact-faq\/","og_site_name":"Lucile Packard Foundation for Children&#039;s Health","article_modified_time":"2024-12-10T19:06:09+00:00","twitter_card":"summary_large_image","twitter_misc":{"Est. reading time":"11 minutes"},"schema":{"@context":"https:\/\/schema.org","@graph":[{"@type":"WebPage","@id":"http:\/\/lpfch.org\/contact-faq\/","url":"http:\/\/lpfch.org\/contact-faq\/","name":"Li\u00ean h\u1ec7 v\u00e0 C\u00e2u h\u1ecfi th\u01b0\u1eddng g\u1eb7p - Qu\u1ef9 Lucile Packard v\u00ec S\u1ee9c kh\u1ecfe Tr\u1ebb em","isPartOf":{"@id":"https:\/\/lpfch.org\/km\/#website"},"datePublished":"2023-12-14T19:58:13+00:00","dateModified":"2024-12-10T19:06:09+00:00","description":"H\u00e3y li\u00ean h\u1ec7 v\u1edbi ch\u00fang t\u00f4i t\u1ea1i Qu\u1ef9 Lucile Packard v\u00ec S\u1ee9c kh\u1ecfe Tr\u1ebb em n\u1ebfu b\u1ea1n c\u00f3 b\u1ea5t k\u1ef3 th\u1eafc m\u1eafc, c\u00e2u h\u1ecfi ho\u1eb7c c\u1ea7n h\u1ed7 tr\u1ee3. \u0110\u1ed9i ng\u0169 c\u1ee7a ch\u00fang t\u00f4i lu\u00f4n s\u1eb5n s\u00e0ng h\u1ed7 tr\u1ee3 b\u1ea1n v\u1edbi d\u1ecbch v\u1ee5 nhanh ch\u00f3ng v\u00e0 th\u00e2n thi\u1ec7n.","breadcrumb":{"@id":"http:\/\/lpfch.org\/contact-faq\/#breadcrumb"},"inLanguage":"vi","potentialAction":[{"@type":"ReadAction","target":["http:\/\/lpfch.org\/contact-faq\/"]}]},{"@type":"BreadcrumbList","@id":"http:\/\/lpfch.org\/contact-faq\/#breadcrumb","itemListElement":[{"@type":"ListItem","position":1,"name":"Home","item":"https:\/\/lpfch.org\/hy\/"},{"@type":"ListItem","position":2,"name":"Contact and FAQ"}]},{"@type":"WebSite","@id":"https:\/\/lpfch.org\/km\/#website","url":"https:\/\/lpfch.org\/km\/","name":"Qu\u1ef9 Lucile Packard v\u00ec S\u1ee9c kh\u1ecfe Tr\u1ebb em","description":"","potentialAction":[{"@type":"SearchAction","target":{"@type":"EntryPoint","urlTemplate":"https:\/\/lpfch.org\/km\/?s={search_term_string}"},"query-input":{"@type":"PropertyValueSpecification","valueRequired":true,"valueName":"search_term_string"}}],"inLanguage":"vi"}]}},"_links":{"self":[{"href":"https:\/\/lpfch.org\/vi\/wp-json\/wp\/v2\/pages\/353","targetHints":{"allow":["GET"]}}],"collection":[{"href":"https:\/\/lpfch.org\/vi\/wp-json\/wp\/v2\/pages"}],"about":[{"href":"https:\/\/lpfch.org\/vi\/wp-json\/wp\/v2\/types\/page"}],"author":[{"embeddable":true,"href":"https:\/\/lpfch.org\/vi\/wp-json\/wp\/v2\/users\/17"}],"replies":[{"embeddable":true,"href":"https:\/\/lpfch.org\/vi\/wp-json\/wp\/v2\/comments?post=353"}],"version-history":[{"count":5,"href":"https:\/\/lpfch.org\/vi\/wp-json\/wp\/v2\/pages\/353\/revisions"}],"predecessor-version":[{"id":19663,"href":"https:\/\/lpfch.org\/vi\/wp-json\/wp\/v2\/pages\/353\/revisions\/19663"}],"wp:attachment":[{"href":"https:\/\/lpfch.org\/vi\/wp-json\/wp\/v2\/media?parent=353"}],"curies":[{"name":"wp","href":"https:\/\/api.w.org\/{rel}","templated":true}]}}